{"id":17789,"date":"2022-04-27T08:17:37","date_gmt":"2022-04-27T08:17:37","guid":{"rendered":"https:\/\/www.bpa-solutions.net\/?page_id=17789"},"modified":"2025-04-03T07:22:46","modified_gmt":"2025-04-03T07:22:46","slug":"newsletter-abbestellen","status":"publish","type":"page","link":"https:\/\/www.bpa-solutions.net\/de\/unsubscribe-newsletter\/","title":{"rendered":"Global Newsletter abbestellen"},"content":{"rendered":"<p>[et_pb_section fb_built=&#8221;1&#8243; custom_padding_last_edited=&#8221;on|phone&#8221; module_class=&#8221;unsubscribe-form-section&#8221; _builder_version=&#8221;4.20.4&#8243; use_background_color_gradient=&#8221;on&#8221; background_color_gradient_direction=&#8221;145deg&#8221; background_color_gradient_stops=&#8221;#247703 0%|#8bcc00 100%&#8221; vertical_offset_tablet=&#8221;0&#8243; horizontal_offset_tablet=&#8221;0&#8243; custom_margin=&#8221;||||false|false&#8221; custom_padding=&#8221;150px||150px||false|false&#8221; custom_padding_tablet=&#8221;150px||150px||false|false&#8221; custom_padding_phone=&#8221;80px|20px||20px|false|false&#8221; locked=&#8221;off&#8221; global_colors_info=&#8221;{}&#8221;][et_pb_row column_structure=&#8221;4_4,4_4&#8243; _builder_version=&#8221;4.16&#8243; background_size=&#8221;initial&#8221; background_position=&#8221;top_left&#8221; background_repeat=&#8221;repeat&#8221; global_colors_info=&#8221;{}&#8221;][et_pb_column type=&#8221;4_4&#8243; _builder_version=&#8221;4.16&#8243; custom_padding=&#8221;|||&#8221; global_colors_info=&#8221;{}&#8221; custom_padding__hover=&#8221;|||&#8221;][et_pb_text module_class=&#8221;form-block&#8221; _builder_version=&#8221;4.27.4&#8243; vertical_offset_tablet=&#8221;0&#8243; horizontal_offset_tablet=&#8221;0&#8243; hover_enabled=&#8221;0&#8243; z_index_tablet=&#8221;0&#8243; text_text_shadow_horizontal_length_tablet=&#8221;0px&#8221; text_text_shadow_vertical_length_tablet=&#8221;0px&#8221; text_text_shadow_blur_strength_tablet=&#8221;1px&#8221; link_text_shadow_horizontal_length_tablet=&#8221;0px&#8221; link_text_shadow_vertical_length_tablet=&#8221;0px&#8221; link_text_shadow_blur_strength_tablet=&#8221;1px&#8221; ul_text_shadow_horizontal_length_tablet=&#8221;0px&#8221; ul_text_shadow_vertical_length_tablet=&#8221;0px&#8221; ul_text_shadow_blur_strength_tablet=&#8221;1px&#8221; ol_text_shadow_horizontal_length_tablet=&#8221;0px&#8221; ol_text_shadow_vertical_length_tablet=&#8221;0px&#8221; ol_text_shadow_blur_strength_tablet=&#8221;1px&#8221; quote_text_shadow_horizontal_length_tablet=&#8221;0px&#8221; quote_text_shadow_vertical_length_tablet=&#8221;0px&#8221; quote_text_shadow_blur_strength_tablet=&#8221;1px&#8221; header_text_shadow_horizontal_length_tablet=&#8221;0px&#8221; header_text_shadow_vertical_length_tablet=&#8221;0px&#8221; header_text_shadow_blur_strength_tablet=&#8221;1px&#8221; header_2_text_shadow_horizontal_length_tablet=&#8221;0px&#8221; header_2_text_shadow_vertical_length_tablet=&#8221;0px&#8221; header_2_text_shadow_blur_strength_tablet=&#8221;1px&#8221; header_3_text_shadow_horizontal_length_tablet=&#8221;0px&#8221; header_3_text_shadow_vertical_length_tablet=&#8221;0px&#8221; header_3_text_shadow_blur_strength_tablet=&#8221;1px&#8221; header_4_text_shadow_horizontal_length_tablet=&#8221;0px&#8221; header_4_text_shadow_vertical_length_tablet=&#8221;0px&#8221; header_4_text_shadow_blur_strength_tablet=&#8221;1px&#8221; header_5_text_shadow_horizontal_length_tablet=&#8221;0px&#8221; header_5_text_shadow_vertical_length_tablet=&#8221;0px&#8221; header_5_text_shadow_blur_strength_tablet=&#8221;1px&#8221; header_6_text_shadow_horizontal_length_tablet=&#8221;0px&#8221; header_6_text_shadow_vertical_length_tablet=&#8221;0px&#8221; header_6_text_shadow_blur_strength_tablet=&#8221;1px&#8221; box_shadow_horizontal_tablet=&#8221;0px&#8221; box_shadow_vertical_tablet=&#8221;0px&#8221; box_shadow_blur_tablet=&#8221;40px&#8221; box_shadow_spread_tablet=&#8221;0px&#8221; global_colors_info=&#8221;{}&#8221; sticky_enabled=&#8221;0&#8243;]<\/p>\n<h4 style=\"text-align: center;\"><strong>Unsubscribe from our Monthly Newsletter<\/strong><\/h4>\n<p>&nbsp;<\/p>\n<p>&nbsp;<\/p>\n\n<div class=\"wpcf7 no-js\" id=\"wpcf7-f17798-o1\" lang=\"en-US\" dir=\"ltr\" data-wpcf7-id=\"17798\">\n<div class=\"screen-reader-response\"><p role=\"status\" aria-live=\"polite\" aria-atomic=\"true\"><\/p> <ul><\/ul><\/div>\n<form action=\"\/de\/wp-json\/wp\/v2\/pages\/17789#wpcf7-f17798-o1\" method=\"post\" class=\"wpcf7-form init\" aria-label=\"Contact form\" novalidate=\"novalidate\" data-status=\"init\">\n<fieldset class=\"hidden-fields-container\"><input type=\"hidden\" name=\"_wpcf7\" value=\"17798\" \/><input type=\"hidden\" name=\"_wpcf7_version\" value=\"6.1.5\" \/><input type=\"hidden\" name=\"_wpcf7_locale\" value=\"en_US\" \/><input type=\"hidden\" name=\"_wpcf7_unit_tag\" value=\"wpcf7-f17798-o1\" \/><input type=\"hidden\" name=\"_wpcf7_container_post\" value=\"0\" \/><input type=\"hidden\" name=\"_wpcf7_posted_data_hash\" value=\"\" \/><input type=\"hidden\" name=\"_wpcf7_recaptcha_response\" value=\"\" \/>\n<\/fieldset>\n<p><span class=\"wpcf7-form-control-wrap\" data-name=\"Email\"><input size=\"40\" maxlength=\"400\" class=\"wpcf7-form-control wpcf7-email wpcf7-validates-as-required wpcf7-text wpcf7-validates-as-email\" aria-required=\"true\" aria-invalid=\"false\" placeholder=\"Email\" value=\"\" type=\"email\" name=\"Email\" \/><\/span>\n<\/p>\n<div class=\"mm_newsletter_flex\">\n\t<div class=\"mm_submit\">\n\t\t<p><input class=\"wpcf7-form-control wpcf7-submit has-spinner\" type=\"submit\" value=\"Submit\" \/>\n\t\t<\/p>\n\t<\/div>\n<\/div><div class=\"wpcf7-response-output\" aria-hidden=\"true\"><\/div>\n<\/form>\n<\/div>\n\n<p>[\/et_pb_text][\/et_pb_column][et_pb_column type=&#8221;4_4&#8243; _builder_version=&#8221;4.16&#8243; custom_padding=&#8221;|||&#8221; global_colors_info=&#8221;{}&#8221; custom_padding__hover=&#8221;|||&#8221;][\/et_pb_column][\/et_pb_row][\/et_pb_section]<\/p>\n","protected":false},"excerpt":{"rendered":"<p>Abmeldung von unserem monatlichen Newsletter &nbsp; &nbsp; \n<div class=\"wpcf7 no-js\" id=\"wpcf7-f17798-o2\" lang=\"en-US\" dir=\"ltr\" data-wpcf7-id=\"17798\">\n<div class=\"screen-reader-response\"><p role=\"status\" aria-live=\"polite\" aria-atomic=\"true\"><\/p> <ul><\/ul><\/div>\n<form action=\"\/de\/wp-json\/wp\/v2\/pages\/17789#wpcf7-f17798-o2\" method=\"post\" class=\"wpcf7-form init\" aria-label=\"Kontakt Formular\" novalidate=\"novalidate\" data-status=\"init\" data-trp-original-action=\"\/de\/wp-json\/wp\/v2\/pages\/17789#wpcf7-f17798-o2\">\n<fieldset class=\"hidden-fields-container\"><input type=\"hidden\" name=\"_wpcf7\" value=\"17798\" \/><input type=\"hidden\" name=\"_wpcf7_version\" value=\"6.1.5\" \/><input type=\"hidden\" name=\"_wpcf7_locale\" value=\"en_US\" \/><input type=\"hidden\" name=\"_wpcf7_unit_tag\" value=\"wpcf7-f17798-o2\" \/><input type=\"hidden\" name=\"_wpcf7_container_post\" value=\"0\" \/><input type=\"hidden\" name=\"_wpcf7_posted_data_hash\" value=\"\" \/><input type=\"hidden\" name=\"_wpcf7_recaptcha_response\" value=\"\" \/>\n<\/fieldset>\n<p><span class=\"wpcf7-form-control-wrap\" data-name=\"Email\"><input size=\"40\" maxlength=\"400\" class=\"wpcf7-form-control wpcf7-email wpcf7-validates-as-required wpcf7-text wpcf7-validates-as-email\" aria-required=\"true\" aria-invalid=\"false\" placeholder=\"Email\" value=\"\" type=\"email\" name=\"Email\" \/><\/span>\n<\/p>\n<div class=\"mm_newsletter_flex\">\n\t<div class=\"mm_submit\">\n\t\t<p><input class=\"wpcf7-form-control wpcf7-submit has-spinner\" type=\"submit\" value=\"Einreichen\" \/>\n\t\t<\/p>\n\t<\/div>\n<\/div><div class=\"wpcf7-response-output\" aria-hidden=\"true\"><\/div>\n<input type=\"hidden\" name=\"trp-form-language\" value=\"de\"\/><\/form>\n<\/div>\n<\/p>","protected":false},"author":10,"featured_media":0,"parent":0,"menu_order":60,"comment_status":"closed","ping_status":"closed","template":"","meta":{"_acf_changed":false,"_et_pb_use_builder":"on","_et_pb_old_content":"<p>[av_one_full first min_height='' vertical_alignment='av-align-top' space='' row_boxshadow_color='' row_boxshadow_width='10' margin='0px' margin_sync='true' mobile_breaking='' mobile_column_order='' min_col_height='' padding='' padding_sync='true' svg_div_top='' svg_div_top_color='#333333' svg_div_top_width='100' svg_div_top_height='50' svg_div_top_max_height='none' svg_div_top_opacity='' svg_div_bottom='' svg_div_bottom_color='#333333' svg_div_bottom_width='100' svg_div_bottom_height='50' svg_div_bottom_max_height='none' svg_div_bottom_opacity='' border='' border_style='solid' border_color='' radius='' radius_sync='true' column_boxshadow_color='' column_boxshadow_width='10' background='bg_color' background_color='' background_gradient_direction='vertical' background_gradient_color1='#000000' background_gradient_color2='#ffffff' background_gradient_color3='' src='' attachment='' attachment_size='' background_position='top left' background_repeat='no-repeat' highlight_size='1.1' animation='' link='' linktarget='' link_hover='' title_attr='' alt_attr='' mobile_display='' mobile_col_pos='0' id='' custom_class='' template_class='' aria_label='' av_uid='av-l2i2oses' sc_version='1.0']<br \/>[av_image src='https:\/\/www.bpa-solutions.net\/wp-content\/uploads\/2022\/04\/Frame-2-300x47.png' attachment='17793' attachment_size='medium' copyright='' caption='' image_size='' styling='' align='center' font_size='' overlay_opacity='0.4' overlay_color='#000000' overlay_text_color='#ffffff' animation='no-animation' hover='' appearance='' link='' target='' title_attr='' alt_attr='' img_scrset='' lazy_loading='disabled' id='' custom_class='' template_class='' av_element_hidden_in_editor='0' av_uid='av-l2i2o34i' sc_version='1.0' admin_preview_bg=''][\/av_image]<br \/>[\/av_one_full]<\/p><p>[av_section min_height='' min_height_pc='25' min_height_px='500px' padding='default' margin='' custom_margin='0px' svg_div_top='' svg_div_top_color='#333333' svg_div_top_width='100' svg_div_top_height='50' svg_div_top_max_height='none' svg_div_top_flip='' svg_div_top_invert='' svg_div_top_front='' svg_div_top_opacity='' svg_div_top_preview='' svg_div_bottom='' svg_div_bottom_color='#333333' svg_div_bottom_width='100' svg_div_bottom_height='50' svg_div_bottom_max_height='none' svg_div_bottom_flip='' svg_div_bottom_invert='' svg_div_bottom_front='' svg_div_bottom_opacity='' svg_div_bottom_preview='' color='main_color' background='bg_color' custom_bg='' background_gradient_direction='vertical' background_gradient_color1='#000000' background_gradient_color2='#ffffff' background_gradient_color3='' src='' attach='scroll' position='top left' repeat='no-repeat' video='' video_ratio='16:9' video_mobile_disabled='' overlay_enable='' overlay_opacity='0.5' overlay_color='' overlay_pattern='' overlay_custom_pattern='' shadow='no-border-styling' bottom_border='no-border-styling' bottom_border_diagonal_color='#333333' bottom_border_diagonal_direction='' bottom_border_style='' scroll_down='' custom_arrow_bg='' av-desktop-hide='' av-medium-hide='' av-small-hide='' av-mini-hide='' id='' custom_class='' template_class='' aria_label='' av_element_hidden_in_editor='0' av_uid='av-16b9wyl' sc_version='1.0']<\/p><p>[av_one_full first min_height='' vertical_alignment='av-align-top' space='' row_boxshadow_color='' row_boxshadow_width='10' margin='0px' margin_sync='true' mobile_breaking='' mobile_column_order='' min_col_height='' padding='' padding_sync='true' svg_div_top='' svg_div_top_color='#333333' svg_div_top_width='100' svg_div_top_height='50' svg_div_top_max_height='none' svg_div_top_opacity='' svg_div_bottom='' svg_div_bottom_color='#333333' svg_div_bottom_width='100' svg_div_bottom_height='50' svg_div_bottom_max_height='none' svg_div_bottom_opacity='' border='' border_style='solid' border_color='' radius='' radius_sync='true' column_boxshadow_color='' column_boxshadow_width='10' background='bg_color' background_color='' background_gradient_direction='vertical' background_gradient_color1='#000000' background_gradient_color2='#ffffff' background_gradient_color3='' src='' attachment='' attachment_size='' background_position='top left' background_repeat='no-repeat' highlight_size='1.1' animation='' link='' linktarget='' link_hover='' title_attr='' alt_attr='' mobile_display='' mobile_col_pos='0' id='' custom_class='mm_newsletter_col' template_class='' aria_label='' av_uid='av-pg1x31' sc_version='1.0']<\/p><p>[av_textblock textblock_styling_align='' textblock_styling='' textblock_styling_gap='' textblock_styling_mobile='' size='' av-medium-font-size='' av-small-font-size='' av-mini-font-size='' font_color='' color='' id='' custom_class='mm_newsletter_text' template_class='' av_uid='av-l2i3gjoh' sc_version='1.0' admin_preview_bg='']<\/p><h2 style=\"text-align: center;\">Unsubscribe Newsletter<\/h2><p>[\/av_textblock]<\/p><p>[av_codeblock wrapper_element='' wrapper_element_attributes='' codeblock_type='' alb_description='' id='' custom_class='' template_class='' av_uid='av-l2i2zoda' sc_version='1.0']<br \/>[contact-form-7 id=\"17798\" title=\"Unsubscribe Newsletter\"]<br \/>[\/av_codeblock]<\/p><p>[\/av_one_full][\/av_section]<\/p>","_et_gb_content_width":"","content-type":"","inline_featured_image":false,"footnotes":""},"class_list":["post-17789","page","type-page","status-publish","hentry"],"acf":[],"yoast_head":"<!-- This site is optimized with the Yoast SEO plugin v27.4 - https:\/\/yoast.com\/product\/yoast-seo-wordpress\/ -->\n<title>Unsubscribe Global Newsletter - BPA Solutions<\/title>\n<meta name=\"description\" content=\"If you no longer want to receive our monthly newsletter which keeps you up to date with the latest news in Quality Management, enter your email address here.\" \/>\n<meta name=\"robots\" content=\"index, follow, max-snippet:-1, max-image-preview:large, max-video-preview:-1\" \/>\n<link rel=\"canonical\" href=\"https:\/\/www.bpa-solutions.net\/de\/newsletter-abbestellen\/\" \/>\n<meta property=\"og:locale\" content=\"de_DE\" \/>\n<meta property=\"og:type\" content=\"article\" \/>\n<meta property=\"og:title\" content=\"Unsubscribe Global Newsletter - BPA Solutions\" \/>\n<meta property=\"og:description\" content=\"If you no longer want to receive our monthly newsletter which keeps you up to date with the latest news in Quality Management, enter your email address here.\" \/>\n<meta property=\"og:url\" content=\"https:\/\/www.bpa-solutions.net\/de\/newsletter-abbestellen\/\" \/>\n<meta property=\"og:site_name\" content=\"BPA Solutions\" \/>\n<meta property=\"article:publisher\" content=\"https:\/\/www.facebook.com\/BPASolutions?fref=ts\" \/>\n<meta property=\"article:modified_time\" content=\"2025-04-03T07:22:46+00:00\" \/>\n<meta name=\"twitter:card\" content=\"summary_large_image\" \/>\n<meta name=\"twitter:site\" content=\"@BPA_SOLUTIONS\" \/>\n<meta name=\"twitter:label1\" content=\"Gesch\u00e4tzte Lesezeit\" \/>\n\t<meta name=\"twitter:data1\" content=\"1 Minute\" \/>\n<script type=\"application\/ld+json\" class=\"yoast-schema-graph\">{\"@context\":\"https:\\\/\\\/schema.org\",\"@graph\":[{\"@type\":\"WebPage\",\"@id\":\"https:\\\/\\\/www.bpa-solutions.net\\\/unsubscribe-newsletter\\\/\",\"url\":\"https:\\\/\\\/www.bpa-solutions.net\\\/unsubscribe-newsletter\\\/\",\"name\":\"Unsubscribe Global Newsletter - BPA Solutions\",\"isPartOf\":{\"@id\":\"https:\\\/\\\/www.bpa-solutions.net\\\/#website\"},\"datePublished\":\"2022-04-27T08:17:37+00:00\",\"dateModified\":\"2025-04-03T07:22:46+00:00\",\"description\":\"If you no longer want to receive our monthly newsletter which keeps you up to date with the latest news in Quality Management, enter your email address here.\",\"breadcrumb\":{\"@id\":\"https:\\\/\\\/www.bpa-solutions.net\\\/unsubscribe-newsletter\\\/#breadcrumb\"},\"inLanguage\":\"de-DE\",\"potentialAction\":[{\"@type\":\"ReadAction\",\"target\":[\"https:\\\/\\\/www.bpa-solutions.net\\\/unsubscribe-newsletter\\\/\"]}]},{\"@type\":\"BreadcrumbList\",\"@id\":\"https:\\\/\\\/www.bpa-solutions.net\\\/unsubscribe-newsletter\\\/#breadcrumb\",\"itemListElement\":[{\"@type\":\"ListItem\",\"position\":1,\"name\":\"Home\",\"item\":\"https:\\\/\\\/www.bpa-solutions.net\\\/\"},{\"@type\":\"ListItem\",\"position\":2,\"name\":\"Unsubscribe Global Newsletter\"}]},{\"@type\":\"WebSite\",\"@id\":\"https:\\\/\\\/www.bpa-solutions.net\\\/#website\",\"url\":\"https:\\\/\\\/www.bpa-solutions.net\\\/\",\"name\":\"BPA Solutions\",\"description\":\"Intuitive, secure, intelligent eQMS on SharePoint Microsoft 365 AI\",\"publisher\":{\"@id\":\"https:\\\/\\\/www.bpa-solutions.net\\\/#organization\"},\"potentialAction\":[{\"@type\":\"SearchAction\",\"target\":{\"@type\":\"EntryPoint\",\"urlTemplate\":\"https:\\\/\\\/www.bpa-solutions.net\\\/?s={search_term_string}\"},\"query-input\":{\"@type\":\"PropertyValueSpecification\",\"valueRequired\":true,\"valueName\":\"search_term_string\"}}],\"inLanguage\":\"de-DE\"},{\"@type\":\"Organization\",\"@id\":\"https:\\\/\\\/www.bpa-solutions.net\\\/#organization\",\"name\":\"BPA Solutions\",\"url\":\"https:\\\/\\\/www.bpa-solutions.net\\\/\",\"logo\":{\"@type\":\"ImageObject\",\"inLanguage\":\"de-DE\",\"@id\":\"https:\\\/\\\/www.bpa-solutions.net\\\/#\\\/schema\\\/logo\\\/image\\\/\",\"url\":\"https:\\\/\\\/www.bpa-solutions.net\\\/wp-content\\\/uploads\\\/2023\\\/05\\\/BPA-Solutions.svg\",\"contentUrl\":\"https:\\\/\\\/www.bpa-solutions.net\\\/wp-content\\\/uploads\\\/2023\\\/05\\\/BPA-Solutions.svg\",\"width\":301,\"height\":68,\"caption\":\"BPA Solutions\"},\"image\":{\"@id\":\"https:\\\/\\\/www.bpa-solutions.net\\\/#\\\/schema\\\/logo\\\/image\\\/\"},\"sameAs\":[\"https:\\\/\\\/www.facebook.com\\\/BPASolutions?fref=ts\",\"https:\\\/\\\/x.com\\\/BPA_SOLUTIONS\"]}]}<\/script>\n<!-- \/ Yoast SEO plugin. -->","yoast_head_json":{"title":"Global Newsletter abbestellen \u2013 BPA Solutions","description":"Wenn Sie unseren monatlichen Newsletter, der Sie \u00fcber die neuesten Entwicklungen im Qualit\u00e4tsmanagement informiert, nicht mehr erhalten m\u00f6chten, tragen Sie hier Ihre E-Mail-Adresse ein.","robots":{"index":"index","follow":"follow","max-snippet":"max-snippet:-1","max-image-preview":"max-image-preview:large","max-video-preview":"max-video-preview:-1"},"canonical":"https:\/\/www.bpa-solutions.net\/de\/newsletter-abbestellen\/","og_locale":"de_DE","og_type":"article","og_title":"Unsubscribe Global Newsletter - BPA Solutions","og_description":"If you no longer want to receive our monthly newsletter which keeps you up to date with the latest news in Quality Management, enter your email address here.","og_url":"https:\/\/www.bpa-solutions.net\/de\/newsletter-abbestellen\/","og_site_name":"BPA Solutions","article_publisher":"https:\/\/www.facebook.com\/BPASolutions?fref=ts","article_modified_time":"2025-04-03T07:22:46+00:00","twitter_card":"summary_large_image","twitter_site":"@BPA_SOLUTIONS","twitter_misc":{"Gesch\u00e4tzte Lesezeit":"1 Minute"},"schema":{"@context":"https:\/\/schema.org","@graph":[{"@type":"WebPage","@id":"https:\/\/www.bpa-solutions.net\/unsubscribe-newsletter\/","url":"https:\/\/www.bpa-solutions.net\/unsubscribe-newsletter\/","name":"Global Newsletter abbestellen \u2013 BPA Solutions","isPartOf":{"@id":"https:\/\/www.bpa-solutions.net\/#website"},"datePublished":"2022-04-27T08:17:37+00:00","dateModified":"2025-04-03T07:22:46+00:00","description":"Wenn Sie unseren monatlichen Newsletter, der Sie \u00fcber die neuesten Entwicklungen im Qualit\u00e4tsmanagement informiert, nicht mehr erhalten m\u00f6chten, tragen Sie hier Ihre E-Mail-Adresse ein.","breadcrumb":{"@id":"https:\/\/www.bpa-solutions.net\/unsubscribe-newsletter\/#breadcrumb"},"inLanguage":"de-DE","potentialAction":[{"@type":"ReadAction","target":["https:\/\/www.bpa-solutions.net\/unsubscribe-newsletter\/"]}]},{"@type":"BreadcrumbList","@id":"https:\/\/www.bpa-solutions.net\/unsubscribe-newsletter\/#breadcrumb","itemListElement":[{"@type":"ListItem","position":1,"name":"Home","item":"https:\/\/www.bpa-solutions.net\/"},{"@type":"ListItem","position":2,"name":"Unsubscribe Global Newsletter"}]},{"@type":"WebSite","@id":"https:\/\/www.bpa-solutions.net\/#website","url":"https:\/\/www.bpa-solutions.net\/","name":"BPA-L\u00f6sungen","description":"Intuitive, secure, intelligent eQMS on SharePoint Microsoft 365 AI","publisher":{"@id":"https:\/\/www.bpa-solutions.net\/#organization"},"potentialAction":[{"@type":"SearchAction","target":{"@type":"EntryPoint","urlTemplate":"https:\/\/www.bpa-solutions.net\/?s={search_term_string}"},"query-input":{"@type":"PropertyValueSpecification","valueRequired":true,"valueName":"search_term_string"}}],"inLanguage":"de-DE"},{"@type":"Organization","@id":"https:\/\/www.bpa-solutions.net\/#organization","name":"BPA-L\u00f6sungen","url":"https:\/\/www.bpa-solutions.net\/","logo":{"@type":"ImageObject","inLanguage":"de-DE","@id":"https:\/\/www.bpa-solutions.net\/#\/schema\/logo\/image\/","url":"https:\/\/www.bpa-solutions.net\/wp-content\/uploads\/2023\/05\/BPA-Solutions.svg","contentUrl":"https:\/\/www.bpa-solutions.net\/wp-content\/uploads\/2023\/05\/BPA-Solutions.svg","width":301,"height":68,"caption":"BPA Solutions"},"image":{"@id":"https:\/\/www.bpa-solutions.net\/#\/schema\/logo\/image\/"},"sameAs":["https:\/\/www.facebook.com\/BPASolutions?fref=ts","https:\/\/x.com\/BPA_SOLUTIONS"]}]}},"_links":{"self":[{"href":"https:\/\/www.bpa-solutions.net\/de\/wp-json\/wp\/v2\/pages\/17789","targetHints":{"allow":["GET"]}}],"collection":[{"href":"https:\/\/www.bpa-solutions.net\/de\/wp-json\/wp\/v2\/pages"}],"about":[{"href":"https:\/\/www.bpa-solutions.net\/de\/wp-json\/wp\/v2\/types\/page"}],"author":[{"embeddable":true,"href":"https:\/\/www.bpa-solutions.net\/de\/wp-json\/wp\/v2\/users\/10"}],"replies":[{"embeddable":true,"href":"https:\/\/www.bpa-solutions.net\/de\/wp-json\/wp\/v2\/comments?post=17789"}],"version-history":[{"count":0,"href":"https:\/\/www.bpa-solutions.net\/de\/wp-json\/wp\/v2\/pages\/17789\/revisions"}],"wp:attachment":[{"href":"https:\/\/www.bpa-solutions.net\/de\/wp-json\/wp\/v2\/media?parent=17789"}],"curies":[{"name":"wp","href":"https:\/\/api.w.org\/{rel}","templated":true}]}}