{"id":2049,"date":"2013-07-04T22:43:47","date_gmt":"2013-07-04T22:43:47","guid":{"rendered":"https:\/\/www.bpa-solutions.net\/?page_id=2049"},"modified":"2025-07-24T11:29:41","modified_gmt":"2025-07-24T11:29:41","slug":"partnerportal","status":"publish","type":"page","link":"https:\/\/www.bpa-solutions.net\/de\/become-a-partner\/partner-portal\/","title":{"rendered":"BPA-Partnerportal"},"content":{"rendered":"<p>[et_pb_section fb_built=&#8221;1&#8243; admin_label=&#8221;BPA Partner Portal&#8221; module_class=&#8221;partner-portal&#8221; _builder_version=&#8221;4.27.0&#8243; use_background_color_gradient=&#8221;on&#8221; background_color_gradient_direction=&#8221;156deg&#8221; background_color_gradient_stops=&#8221;#578911 0%|#a5ce00 100%&#8221; background_enable_image=&#8221;off&#8221; custom_padding=&#8221;150px||||false|false&#8221; global_colors_info=&#8221;{}&#8221;][et_pb_row module_class=&#8221;partner-portal-row&#8221; _builder_version=&#8221;4.27.4&#8243; background_size=&#8221;initial&#8221; background_position=&#8221;top_left&#8221; background_repeat=&#8221;repeat&#8221; global_colors_info=&#8221;{}&#8221;][et_pb_column type=&#8221;4_4&#8243; _builder_version=&#8221;4.16&#8243; custom_padding=&#8221;|||&#8221; global_colors_info=&#8221;{}&#8221; custom_padding__hover=&#8221;|||&#8221;][et_pb_code disabled_on=&#8221;off|off|off&#8221; admin_label=&#8221;breadcrumbs&#8221; module_class=&#8221;breadcrumbs&#8221; _builder_version=&#8221;4.25.2&#8243; _module_preset=&#8221;default&#8221; vertical_offset_tablet=&#8221;0&#8243; horizontal_offset_tablet=&#8221;0&#8243; z_index_tablet=&#8221;0&#8243; box_shadow_horizontal_tablet=&#8221;0px&#8221; box_shadow_vertical_tablet=&#8221;0px&#8221; box_shadow_blur_tablet=&#8221;40px&#8221; box_shadow_spread_tablet=&#8221;0px&#8221; global_module=&#8221;19802&#8243; saved_tabs=&#8221;all&#8221; locked=&#8221;off&#8221; global_colors_info=&#8221;{}&#8221;]<span><span><a href=\"https:\/\/www.bpa-solutions.net\/\">Home<\/a><\/span><\/span><!-- [et_pb_line_break_holder] -->[\/et_pb_code][et_pb_text _builder_version=&#8221;4.27.0&#8243; background_size=&#8221;initial&#8221; background_position=&#8221;top_left&#8221; background_repeat=&#8221;repeat&#8221; global_colors_info=&#8221;{}&#8221;]<\/p>\n<h2 style=\"text-align: center;\">BPA Partner Portal<\/h2>\n<p style=\"text-align: center;\">The BPA Partner Portal delivers the tools and resources to help BPA Partners market, sell, implement and support BPA Products &amp; Solutions.<\/p>\n<div class=\"inner-green-btn\" style=\"text-align: center;\"><a href=\"https:\/\/community.bpa-solutions.net\/partners\" target=\"_blank\" rel=\"noopener\">LOGIN TO BPA PARTNER PORTAL<\/a><\/div>\n<p style=\"text-align: center;\">Access is for BPA Partners only. Please <a href=\"https:\/\/www.bpa-solutions.net\/contact-us\/\">contact us<\/a> if you have not received your credentials.<\/p>\n<p>[\/et_pb_text][\/et_pb_column][\/et_pb_row][\/et_pb_section]<\/p>\n","protected":false},"excerpt":{"rendered":"<p><span><span><a href=\"https:\/\/www.bpa-solutions.net\/de\/\">Heim<\/a><\/span><\/span>BPA-Partner-Portal Das BPA-Partner-Portal bietet Tools und Ressourcen, die BPA-Partner bei der Vermarktung, dem Verkauf, der Implementierung und dem Support von BPA-Produkten und -L\u00f6sungen unterst\u00fctzen. LOGIN ZUM BPA PARTNER PORTAL Der Zugang ist nur f\u00fcr BPA Partner. Bitte kontaktieren Sie uns, wenn Sie Ihre Zugangsdaten nicht erhalten haben.<\/p>","protected":false},"author":4,"featured_media":0,"parent":2042,"menu_order":103,"comment_status":"closed","ping_status":"closed","template":"","meta":{"_acf_changed":false,"_et_pb_use_builder":"on","_et_pb_old_content":"[av_three_fourth first av_uid='av-beimwh']\r\n\r\n[av_textblock size='' font_color='' color='' av-medium-font-size='' av-small-font-size='' av-mini-font-size='' av_uid='av-8p7ri9' admin_preview_bg='']\r\n<h1>BPA Partner Portal<\/h1>\r\nThe BPA Partner Portal delivers the tools and resources to help BPA Partners market, sell, implement and support BPA Products & Solutions.\r\n[\/av_textblock]\r\n\r\n[av_codeblock wrapper_element='' wrapper_element_attributes='' av_uid='av-84ng9t']\r\n<div class=\"button-editions\">LOGIN TO BPA\r\nPARTNER PORTAL<\/div>\r\n[\/av_codeblock]\r\n\r\n[av_textblock size='' font_color='' color='' av-medium-font-size='' av-small-font-size='' av-mini-font-size='' av_uid='av-6khf29' admin_preview_bg='']\r\nAccess is for BPA Partners only. Please <a href=\"https:\/\/www.bpa-solutions.net\/contact-us\/\"> contact us <\/a> if you have not received your credentials.\r\n[\/av_textblock]\r\n\r\n[\/av_three_fourth][av_one_fourth min_height='' vertical_alignment='' space='' custom_margin='' margin='0px' padding='0px' border='' border_color='' radius='0px' background_color='' src='' background_position='top left' background_repeat='no-repeat' animation='' av_uid='av-3sevpd']\r\n[av_textblock av_uid='av-1x3trl']\r\n<div class=\"home\">\r\n<blockquote cite=\"Lothar Buhl, CEO - Cube 33 GmbH \u2013 Germany\">We were convinced immediately by the potential of the BPA xRM framework.<\/blockquote>\r\n<\/div>\r\n[\/av_textblock]\r\n[\/av_one_fourth]","_et_gb_content_width":"","content-type":"","inline_featured_image":false,"footnotes":""},"class_list":["post-2049","page","type-page","status-publish","hentry"],"acf":[],"yoast_head":"<!-- This site is optimized with the Yoast SEO plugin v27.4 - https:\/\/yoast.com\/product\/yoast-seo-wordpress\/ -->\n<title>BPA Partner Portal | #1 eQMS on SharePoint M365 AI<\/title>\n<meta name=\"description\" content=\"The BPA Partner Portal provides tools and resources needed to help BPA Partners market, sell, implement and support BPA solutions.\" \/>\n<meta name=\"robots\" content=\"noindex, nofollow\" \/>\n<meta property=\"og:locale\" content=\"de_DE\" \/>\n<meta property=\"og:type\" content=\"article\" \/>\n<meta property=\"og:title\" content=\"BPA Partner Portal | #1 eQMS on SharePoint M365 AI\" \/>\n<meta property=\"og:description\" content=\"The BPA Partner Portal provides tools and resources needed to help BPA Partners market, sell, implement and support BPA solutions.\" \/>\n<meta property=\"og:url\" content=\"https:\/\/www.bpa-solutions.net\/de\/partner-werden\/partnerportal\/\" \/>\n<meta property=\"og:site_name\" content=\"BPA Solutions\" \/>\n<meta property=\"article:publisher\" content=\"https:\/\/www.facebook.com\/BPASolutions?fref=ts\" \/>\n<meta property=\"article:modified_time\" content=\"2025-07-24T11:29:41+00:00\" \/>\n<meta name=\"twitter:card\" content=\"summary_large_image\" \/>\n<meta name=\"twitter:site\" content=\"@BPA_SOLUTIONS\" \/>\n<meta name=\"twitter:label1\" content=\"Gesch\u00e4tzte Lesezeit\" \/>\n\t<meta name=\"twitter:data1\" content=\"1 Minute\" \/>\n<script type=\"application\/ld+json\" class=\"yoast-schema-graph\">{\"@context\":\"https:\\\/\\\/schema.org\",\"@graph\":[{\"@type\":\"WebPage\",\"@id\":\"https:\\\/\\\/www.bpa-solutions.net\\\/become-a-partner\\\/partner-portal\\\/\",\"url\":\"https:\\\/\\\/www.bpa-solutions.net\\\/become-a-partner\\\/partner-portal\\\/\",\"name\":\"BPA Partner Portal | #1 eQMS on SharePoint M365 AI\",\"isPartOf\":{\"@id\":\"https:\\\/\\\/www.bpa-solutions.net\\\/#website\"},\"datePublished\":\"2013-07-04T22:43:47+00:00\",\"dateModified\":\"2025-07-24T11:29:41+00:00\",\"description\":\"The BPA Partner Portal provides tools and resources needed to help BPA Partners market, sell, implement and support BPA solutions.\",\"breadcrumb\":{\"@id\":\"https:\\\/\\\/www.bpa-solutions.net\\\/become-a-partner\\\/partner-portal\\\/#breadcrumb\"},\"inLanguage\":\"de-DE\",\"potentialAction\":[{\"@type\":\"ReadAction\",\"target\":[\"https:\\\/\\\/www.bpa-solutions.net\\\/become-a-partner\\\/partner-portal\\\/\"]}]},{\"@type\":\"BreadcrumbList\",\"@id\":\"https:\\\/\\\/www.bpa-solutions.net\\\/become-a-partner\\\/partner-portal\\\/#breadcrumb\",\"itemListElement\":[{\"@type\":\"ListItem\",\"position\":1,\"name\":\"Home\",\"item\":\"https:\\\/\\\/www.bpa-solutions.net\\\/\"},{\"@type\":\"ListItem\",\"position\":2,\"name\":\"Become a Partner\",\"item\":\"https:\\\/\\\/www.bpa-solutions.net\\\/become-a-partner\\\/\"},{\"@type\":\"ListItem\",\"position\":3,\"name\":\"BPA Partner Portal\"}]},{\"@type\":\"WebSite\",\"@id\":\"https:\\\/\\\/www.bpa-solutions.net\\\/#website\",\"url\":\"https:\\\/\\\/www.bpa-solutions.net\\\/\",\"name\":\"BPA Solutions\",\"description\":\"Intuitive, secure, intelligent eQMS on SharePoint Microsoft 365 AI\",\"publisher\":{\"@id\":\"https:\\\/\\\/www.bpa-solutions.net\\\/#organization\"},\"potentialAction\":[{\"@type\":\"SearchAction\",\"target\":{\"@type\":\"EntryPoint\",\"urlTemplate\":\"https:\\\/\\\/www.bpa-solutions.net\\\/?s={search_term_string}\"},\"query-input\":{\"@type\":\"PropertyValueSpecification\",\"valueRequired\":true,\"valueName\":\"search_term_string\"}}],\"inLanguage\":\"de-DE\"},{\"@type\":\"Organization\",\"@id\":\"https:\\\/\\\/www.bpa-solutions.net\\\/#organization\",\"name\":\"BPA Solutions\",\"url\":\"https:\\\/\\\/www.bpa-solutions.net\\\/\",\"logo\":{\"@type\":\"ImageObject\",\"inLanguage\":\"de-DE\",\"@id\":\"https:\\\/\\\/www.bpa-solutions.net\\\/#\\\/schema\\\/logo\\\/image\\\/\",\"url\":\"https:\\\/\\\/www.bpa-solutions.net\\\/wp-content\\\/uploads\\\/2023\\\/05\\\/BPA-Solutions.svg\",\"contentUrl\":\"https:\\\/\\\/www.bpa-solutions.net\\\/wp-content\\\/uploads\\\/2023\\\/05\\\/BPA-Solutions.svg\",\"width\":301,\"height\":68,\"caption\":\"BPA Solutions\"},\"image\":{\"@id\":\"https:\\\/\\\/www.bpa-solutions.net\\\/#\\\/schema\\\/logo\\\/image\\\/\"},\"sameAs\":[\"https:\\\/\\\/www.facebook.com\\\/BPASolutions?fref=ts\",\"https:\\\/\\\/x.com\\\/BPA_SOLUTIONS\"]}]}<\/script>\n<!-- \/ Yoast SEO plugin. -->","yoast_head_json":{"title":"BPA Partner Portal | #1 eQMS on SharePoint M365 AI","description":"Das BPA-Partnerportal bietet Tools und Ressourcen, die BPA-Partner bei der Vermarktung, dem Verkauf, der Implementierung und dem Support von BPA-L\u00f6sungen unterst\u00fctzen.","robots":{"index":"noindex","follow":"nofollow"},"og_locale":"de_DE","og_type":"article","og_title":"BPA Partner Portal | #1 eQMS on SharePoint M365 AI","og_description":"The BPA Partner Portal provides tools and resources needed to help BPA Partners market, sell, implement and support BPA solutions.","og_url":"https:\/\/www.bpa-solutions.net\/de\/partner-werden\/partnerportal\/","og_site_name":"BPA Solutions","article_publisher":"https:\/\/www.facebook.com\/BPASolutions?fref=ts","article_modified_time":"2025-07-24T11:29:41+00:00","twitter_card":"summary_large_image","twitter_site":"@BPA_SOLUTIONS","twitter_misc":{"Gesch\u00e4tzte Lesezeit":"1 Minute"},"schema":{"@context":"https:\/\/schema.org","@graph":[{"@type":"WebPage","@id":"https:\/\/www.bpa-solutions.net\/become-a-partner\/partner-portal\/","url":"https:\/\/www.bpa-solutions.net\/become-a-partner\/partner-portal\/","name":"BPA Partner Portal | #1 eQMS on SharePoint M365 AI","isPartOf":{"@id":"https:\/\/www.bpa-solutions.net\/#website"},"datePublished":"2013-07-04T22:43:47+00:00","dateModified":"2025-07-24T11:29:41+00:00","description":"Das BPA-Partnerportal bietet Tools und Ressourcen, die BPA-Partner bei der Vermarktung, dem Verkauf, der Implementierung und dem Support von BPA-L\u00f6sungen unterst\u00fctzen.","breadcrumb":{"@id":"https:\/\/www.bpa-solutions.net\/become-a-partner\/partner-portal\/#breadcrumb"},"inLanguage":"de-DE","potentialAction":[{"@type":"ReadAction","target":["https:\/\/www.bpa-solutions.net\/become-a-partner\/partner-portal\/"]}]},{"@type":"BreadcrumbList","@id":"https:\/\/www.bpa-solutions.net\/become-a-partner\/partner-portal\/#breadcrumb","itemListElement":[{"@type":"ListItem","position":1,"name":"Home","item":"https:\/\/www.bpa-solutions.net\/"},{"@type":"ListItem","position":2,"name":"Become a Partner","item":"https:\/\/www.bpa-solutions.net\/become-a-partner\/"},{"@type":"ListItem","position":3,"name":"BPA Partner Portal"}]},{"@type":"WebSite","@id":"https:\/\/www.bpa-solutions.net\/#website","url":"https:\/\/www.bpa-solutions.net\/","name":"BPA-L\u00f6sungen","description":"Intuitive, secure, intelligent eQMS on SharePoint Microsoft 365 AI","publisher":{"@id":"https:\/\/www.bpa-solutions.net\/#organization"},"potentialAction":[{"@type":"SearchAction","target":{"@type":"EntryPoint","urlTemplate":"https:\/\/www.bpa-solutions.net\/?s={search_term_string}"},"query-input":{"@type":"PropertyValueSpecification","valueRequired":true,"valueName":"search_term_string"}}],"inLanguage":"de-DE"},{"@type":"Organization","@id":"https:\/\/www.bpa-solutions.net\/#organization","name":"BPA-L\u00f6sungen","url":"https:\/\/www.bpa-solutions.net\/","logo":{"@type":"ImageObject","inLanguage":"de-DE","@id":"https:\/\/www.bpa-solutions.net\/#\/schema\/logo\/image\/","url":"https:\/\/www.bpa-solutions.net\/wp-content\/uploads\/2023\/05\/BPA-Solutions.svg","contentUrl":"https:\/\/www.bpa-solutions.net\/wp-content\/uploads\/2023\/05\/BPA-Solutions.svg","width":301,"height":68,"caption":"BPA Solutions"},"image":{"@id":"https:\/\/www.bpa-solutions.net\/#\/schema\/logo\/image\/"},"sameAs":["https:\/\/www.facebook.com\/BPASolutions?fref=ts","https:\/\/x.com\/BPA_SOLUTIONS"]}]}},"_links":{"self":[{"href":"https:\/\/www.bpa-solutions.net\/de\/wp-json\/wp\/v2\/pages\/2049","targetHints":{"allow":["GET"]}}],"collection":[{"href":"https:\/\/www.bpa-solutions.net\/de\/wp-json\/wp\/v2\/pages"}],"about":[{"href":"https:\/\/www.bpa-solutions.net\/de\/wp-json\/wp\/v2\/types\/page"}],"author":[{"embeddable":true,"href":"https:\/\/www.bpa-solutions.net\/de\/wp-json\/wp\/v2\/users\/4"}],"replies":[{"embeddable":true,"href":"https:\/\/www.bpa-solutions.net\/de\/wp-json\/wp\/v2\/comments?post=2049"}],"version-history":[{"count":0,"href":"https:\/\/www.bpa-solutions.net\/de\/wp-json\/wp\/v2\/pages\/2049\/revisions"}],"up":[{"embeddable":true,"href":"https:\/\/www.bpa-solutions.net\/de\/wp-json\/wp\/v2\/pages\/2042"}],"wp:attachment":[{"href":"https:\/\/www.bpa-solutions.net\/de\/wp-json\/wp\/v2\/media?parent=2049"}],"curies":[{"name":"wp","href":"https:\/\/api.w.org\/{rel}","templated":true}]}}