{"id":23754,"date":"2023-05-29T11:18:48","date_gmt":"2023-05-29T11:18:48","guid":{"rendered":"https:\/\/www.bpa-solutions.net\/?page_id=23754"},"modified":"2025-07-24T11:32:09","modified_gmt":"2025-07-24T11:32:09","slug":"systeme-de-paiement-en-ligne","status":"publish","type":"page","link":"https:\/\/www.bpa-solutions.net\/fr\/online-payment-system\/","title":{"rendered":"Syst\u00e8me de paiement en ligne"},"content":{"rendered":"<p>[et_pb_section fb_built=&#8221;1&#8243; admin_label=&#8221;BPA Partner Portal&#8221; module_class=&#8221;partner-portal&#8221; _builder_version=&#8221;4.27.0&#8243; use_background_color_gradient=&#8221;on&#8221; background_color_gradient_direction=&#8221;156deg&#8221; background_color_gradient_stops=&#8221;#578911 0%|#a5ce00 100%&#8221; background_enable_image=&#8221;off&#8221; custom_padding=&#8221;150px||||false|false&#8221; global_colors_info=&#8221;{}&#8221;][et_pb_row _builder_version=&#8221;4.16&#8243; background_size=&#8221;initial&#8221; background_position=&#8221;top_left&#8221; background_repeat=&#8221;repeat&#8221; global_colors_info=&#8221;{}&#8221;][et_pb_column type=&#8221;4_4&#8243; _builder_version=&#8221;4.16&#8243; custom_padding=&#8221;|||&#8221; global_colors_info=&#8221;{}&#8221; custom_padding__hover=&#8221;|||&#8221;][et_pb_code disabled_on=&#8221;off|off|off&#8221; admin_label=&#8221;breadcrumbs&#8221; module_class=&#8221;breadcrumbs&#8221; _builder_version=&#8221;4.25.2&#8243; _module_preset=&#8221;default&#8221; vertical_offset_tablet=&#8221;0&#8243; horizontal_offset_tablet=&#8221;0&#8243; z_index_tablet=&#8221;0&#8243; box_shadow_horizontal_tablet=&#8221;0px&#8221; box_shadow_vertical_tablet=&#8221;0px&#8221; box_shadow_blur_tablet=&#8221;40px&#8221; box_shadow_spread_tablet=&#8221;0px&#8221; global_module=&#8221;19802&#8243; saved_tabs=&#8221;all&#8221; locked=&#8221;off&#8221; global_colors_info=&#8221;{}&#8221;]<span><span><a href=\"https:\/\/www.bpa-solutions.net\/\">Home<\/a><\/span><\/span><!-- [et_pb_line_break_holder] -->[\/et_pb_code][et_pb_text disabled_on=&#8221;on|on|on&#8221; _builder_version=&#8221;4.27.0&#8243; background_size=&#8221;initial&#8221; background_position=&#8221;top_left&#8221; background_repeat=&#8221;repeat&#8221; disabled=&#8221;on&#8221; global_colors_info=&#8221;{}&#8221;]<\/p>\n<h2 style=\"text-align: center;\">Online payment system<\/h2>\n<p style=\"text-align: center;\">If you are an existing BPA client, you may pay invoices online using your MasterCard or Visa credit card.<\/p>\n<p style=\"text-align: center;\">Currently, we offer this service for USD and EUR issued invoices. There is a 3% surcharge for processing fees. Please select the button according to your invoice currency.<\/p>\n<div class=\"inner-green-btn\" style=\"text-align: center;\"><a href=\"#\" target=\"_blank\" rel=\"noopener\">PAY INVOICE IN USD<\/a><\/div>\n<div class=\"inner-green-btn\" style=\"text-align: center;\"><a href=\"https:\/\/simplecheckout.authorize.net\/payment\/CatalogPayment.aspx\" target=\"_blank\" rel=\"noopener\">PAY INVOICE IN EUR<\/a><\/div>\n<p style=\"text-align: center;\">[\/et_pb_text][et_pb_text _builder_version=&#8221;4.27.0&#8243; background_size=&#8221;initial&#8221; background_position=&#8221;top_left&#8221; background_repeat=&#8221;repeat&#8221; global_colors_info=&#8221;{}&#8221;]<\/p>\n<h2 style=\"text-align: center;\">Online payment system<\/h2>\n<p style=\"text-align: center;\">If you are an existing BPA client, you may pay invoices online using your MasterCard or Visa credit card.<\/p>\n<p style=\"text-align: center;\">Currently, we offer this service for USD and EUR issued invoices. There is a 3% surcharge for processing fees. Please select the button according to your invoice currency.<\/p>\n<div class=\"inner-green-btn\" style=\"text-align: center;\">\n<form action=\"https:\/\/Simplecheckout.authorize.net\/payment\/CatalogPayment.aspx\" method=\"post\" name=\"PrePage\"><input name=\"LinkId\" type=\"hidden\" value=\"3346dfd2-12ed-410d-b45e-ae266c07bfc7\" \/> <input type=\"submit\" value=\"Pay BPA Invoice USD\" \/><\/form>\n<\/div>\n<div class=\"inner-green-btn\" style=\"text-align: center;\">\n<form action=\"https:\/\/Simplecheckout.authorize.net\/payment\/CatalogPayment.aspx\" method=\"post\" name=\"PrePage\"><input name=\"LinkId\" type=\"hidden\" value=\"93310ba6-19c4-488a-8dbb-26aff5dbcf60\" \/> <input type=\"submit\" value=\"Pay BPA Invoice EUR\" \/><\/form>\n<\/div>\n<p>[\/et_pb_text][\/et_pb_column][\/et_pb_row][\/et_pb_section]<\/p>\n","protected":false},"excerpt":{"rendered":"<p><span><span><a href=\"https:\/\/www.bpa-solutions.net\/\">Home<\/a><\/span><\/span>Online payment system If you are an existing BPA client, you may pay invoices online using your MasterCard or Visa credit card. Currently, we offer this service for USD and EUR issued invoices. There is a 3% surcharge for processing fees. Please select the button according to your invoice currency. PAY INVOICE IN USD PAY [&hellip;]<\/p>\n","protected":false},"author":10,"featured_media":0,"parent":0,"menu_order":16,"comment_status":"closed","ping_status":"closed","template":"","meta":{"_acf_changed":false,"_et_pb_use_builder":"on","_et_pb_old_content":"","_et_gb_content_width":"","content-type":"","inline_featured_image":false,"footnotes":""},"class_list":["post-23754","page","type-page","status-publish","hentry"],"acf":[],"yoast_head":"<!-- This site is optimized with the Yoast SEO plugin v27.3 - https:\/\/yoast.com\/product\/yoast-seo-wordpress\/ -->\n<title>Online Payment System | #1 eQMS on SharePoint M365 AI<\/title>\n<meta name=\"description\" content=\"If you are already a BPA customer, you can pay your bills online using your MasterCard or Visa credit card\" \/>\n<meta name=\"robots\" content=\"index, follow, max-snippet:-1, max-image-preview:large, max-video-preview:-1\" \/>\n<link rel=\"canonical\" href=\"https:\/\/www.bpa-solutions.net\/fr\/systeme-de-paiement-en-ligne\/\" \/>\n<meta property=\"og:locale\" content=\"fr_FR\" \/>\n<meta property=\"og:type\" content=\"article\" \/>\n<meta property=\"og:title\" content=\"Online Payment System | #1 eQMS on SharePoint M365 AI\" \/>\n<meta property=\"og:description\" content=\"If you are already a BPA customer, you can pay your bills online using your MasterCard or Visa credit card\" \/>\n<meta property=\"og:url\" content=\"https:\/\/www.bpa-solutions.net\/fr\/systeme-de-paiement-en-ligne\/\" \/>\n<meta property=\"og:site_name\" content=\"BPA Solutions\" \/>\n<meta property=\"article:publisher\" content=\"https:\/\/www.facebook.com\/BPASolutions?fref=ts\" \/>\n<meta property=\"article:modified_time\" content=\"2025-07-24T11:32:09+00:00\" \/>\n<meta name=\"twitter:card\" content=\"summary_large_image\" \/>\n<meta name=\"twitter:site\" content=\"@BPA_SOLUTIONS\" \/>\n<meta name=\"twitter:label1\" content=\"Dur\u00e9e de lecture estim\u00e9e\" \/>\n\t<meta name=\"twitter:data1\" content=\"1 minute\" \/>\n<script type=\"application\/ld+json\" class=\"yoast-schema-graph\">{\"@context\":\"https:\\\/\\\/schema.org\",\"@graph\":[{\"@type\":\"WebPage\",\"@id\":\"https:\\\/\\\/www.bpa-solutions.net\\\/online-payment-system\\\/\",\"url\":\"https:\\\/\\\/www.bpa-solutions.net\\\/online-payment-system\\\/\",\"name\":\"Online Payment System | #1 eQMS on SharePoint M365 AI\",\"isPartOf\":{\"@id\":\"https:\\\/\\\/www.bpa-solutions.net\\\/#website\"},\"datePublished\":\"2023-05-29T11:18:48+00:00\",\"dateModified\":\"2025-07-24T11:32:09+00:00\",\"description\":\"If you are already a BPA customer, you can pay your bills online using your MasterCard or Visa credit card\",\"breadcrumb\":{\"@id\":\"https:\\\/\\\/www.bpa-solutions.net\\\/online-payment-system\\\/#breadcrumb\"},\"inLanguage\":\"fr-FR\",\"potentialAction\":[{\"@type\":\"ReadAction\",\"target\":[\"https:\\\/\\\/www.bpa-solutions.net\\\/online-payment-system\\\/\"]}]},{\"@type\":\"BreadcrumbList\",\"@id\":\"https:\\\/\\\/www.bpa-solutions.net\\\/online-payment-system\\\/#breadcrumb\",\"itemListElement\":[{\"@type\":\"ListItem\",\"position\":1,\"name\":\"Home\",\"item\":\"https:\\\/\\\/www.bpa-solutions.net\\\/\"},{\"@type\":\"ListItem\",\"position\":2,\"name\":\"Online Payment System\"}]},{\"@type\":\"WebSite\",\"@id\":\"https:\\\/\\\/www.bpa-solutions.net\\\/#website\",\"url\":\"https:\\\/\\\/www.bpa-solutions.net\\\/\",\"name\":\"BPA Solutions\",\"description\":\"Intuitive, secure, intelligent eQMS on SharePoint Microsoft 365 AI\",\"publisher\":{\"@id\":\"https:\\\/\\\/www.bpa-solutions.net\\\/#organization\"},\"potentialAction\":[{\"@type\":\"SearchAction\",\"target\":{\"@type\":\"EntryPoint\",\"urlTemplate\":\"https:\\\/\\\/www.bpa-solutions.net\\\/?s={search_term_string}\"},\"query-input\":{\"@type\":\"PropertyValueSpecification\",\"valueRequired\":true,\"valueName\":\"search_term_string\"}}],\"inLanguage\":\"fr-FR\"},{\"@type\":\"Organization\",\"@id\":\"https:\\\/\\\/www.bpa-solutions.net\\\/#organization\",\"name\":\"BPA Solutions\",\"url\":\"https:\\\/\\\/www.bpa-solutions.net\\\/\",\"logo\":{\"@type\":\"ImageObject\",\"inLanguage\":\"fr-FR\",\"@id\":\"https:\\\/\\\/www.bpa-solutions.net\\\/#\\\/schema\\\/logo\\\/image\\\/\",\"url\":\"https:\\\/\\\/www.bpa-solutions.net\\\/wp-content\\\/uploads\\\/2023\\\/05\\\/BPA-Solutions.svg\",\"contentUrl\":\"https:\\\/\\\/www.bpa-solutions.net\\\/wp-content\\\/uploads\\\/2023\\\/05\\\/BPA-Solutions.svg\",\"width\":301,\"height\":68,\"caption\":\"BPA Solutions\"},\"image\":{\"@id\":\"https:\\\/\\\/www.bpa-solutions.net\\\/#\\\/schema\\\/logo\\\/image\\\/\"},\"sameAs\":[\"https:\\\/\\\/www.facebook.com\\\/BPASolutions?fref=ts\",\"https:\\\/\\\/x.com\\\/BPA_SOLUTIONS\"]}]}<\/script>\n<!-- \/ Yoast SEO plugin. -->","yoast_head_json":{"title":"Online Payment System | #1 eQMS on SharePoint M365 AI","description":"Si vous \u00eates d\u00e9j\u00e0 client BPA, vous pouvez payer vos factures en ligne en utilisant votre carte de cr\u00e9dit MasterCard ou Visa","robots":{"index":"index","follow":"follow","max-snippet":"max-snippet:-1","max-image-preview":"max-image-preview:large","max-video-preview":"max-video-preview:-1"},"canonical":"https:\/\/www.bpa-solutions.net\/fr\/systeme-de-paiement-en-ligne\/","og_locale":"fr_FR","og_type":"article","og_title":"Online Payment System | #1 eQMS on SharePoint M365 AI","og_description":"If you are already a BPA customer, you can pay your bills online using your MasterCard or Visa credit card","og_url":"https:\/\/www.bpa-solutions.net\/fr\/systeme-de-paiement-en-ligne\/","og_site_name":"BPA Solutions","article_publisher":"https:\/\/www.facebook.com\/BPASolutions?fref=ts","article_modified_time":"2025-07-24T11:32:09+00:00","twitter_card":"summary_large_image","twitter_site":"@BPA_SOLUTIONS","twitter_misc":{"Dur\u00e9e de lecture estim\u00e9e":"1 minute"},"schema":{"@context":"https:\/\/schema.org","@graph":[{"@type":"WebPage","@id":"https:\/\/www.bpa-solutions.net\/online-payment-system\/","url":"https:\/\/www.bpa-solutions.net\/online-payment-system\/","name":"Online Payment System | #1 eQMS on SharePoint M365 AI","isPartOf":{"@id":"https:\/\/www.bpa-solutions.net\/#website"},"datePublished":"2023-05-29T11:18:48+00:00","dateModified":"2025-07-24T11:32:09+00:00","description":"Si vous \u00eates d\u00e9j\u00e0 client BPA, vous pouvez payer vos factures en ligne en utilisant votre carte de cr\u00e9dit MasterCard ou Visa","breadcrumb":{"@id":"https:\/\/www.bpa-solutions.net\/online-payment-system\/#breadcrumb"},"inLanguage":"fr-FR","potentialAction":[{"@type":"ReadAction","target":["https:\/\/www.bpa-solutions.net\/online-payment-system\/"]}]},{"@type":"BreadcrumbList","@id":"https:\/\/www.bpa-solutions.net\/online-payment-system\/#breadcrumb","itemListElement":[{"@type":"ListItem","position":1,"name":"Home","item":"https:\/\/www.bpa-solutions.net\/"},{"@type":"ListItem","position":2,"name":"Online Payment System"}]},{"@type":"WebSite","@id":"https:\/\/www.bpa-solutions.net\/#website","url":"https:\/\/www.bpa-solutions.net\/","name":"Solutions BPA","description":"Intuitive, secure, intelligent eQMS on SharePoint Microsoft 365 AI","publisher":{"@id":"https:\/\/www.bpa-solutions.net\/#organization"},"potentialAction":[{"@type":"SearchAction","target":{"@type":"EntryPoint","urlTemplate":"https:\/\/www.bpa-solutions.net\/?s={search_term_string}"},"query-input":{"@type":"PropertyValueSpecification","valueRequired":true,"valueName":"search_term_string"}}],"inLanguage":"fr-FR"},{"@type":"Organization","@id":"https:\/\/www.bpa-solutions.net\/#organization","name":"Solutions BPA","url":"https:\/\/www.bpa-solutions.net\/","logo":{"@type":"ImageObject","inLanguage":"fr-FR","@id":"https:\/\/www.bpa-solutions.net\/#\/schema\/logo\/image\/","url":"https:\/\/www.bpa-solutions.net\/wp-content\/uploads\/2023\/05\/BPA-Solutions.svg","contentUrl":"https:\/\/www.bpa-solutions.net\/wp-content\/uploads\/2023\/05\/BPA-Solutions.svg","width":301,"height":68,"caption":"BPA Solutions"},"image":{"@id":"https:\/\/www.bpa-solutions.net\/#\/schema\/logo\/image\/"},"sameAs":["https:\/\/www.facebook.com\/BPASolutions?fref=ts","https:\/\/x.com\/BPA_SOLUTIONS"]}]}},"_links":{"self":[{"href":"https:\/\/www.bpa-solutions.net\/fr\/wp-json\/wp\/v2\/pages\/23754","targetHints":{"allow":["GET"]}}],"collection":[{"href":"https:\/\/www.bpa-solutions.net\/fr\/wp-json\/wp\/v2\/pages"}],"about":[{"href":"https:\/\/www.bpa-solutions.net\/fr\/wp-json\/wp\/v2\/types\/page"}],"author":[{"embeddable":true,"href":"https:\/\/www.bpa-solutions.net\/fr\/wp-json\/wp\/v2\/users\/10"}],"replies":[{"embeddable":true,"href":"https:\/\/www.bpa-solutions.net\/fr\/wp-json\/wp\/v2\/comments?post=23754"}],"version-history":[{"count":0,"href":"https:\/\/www.bpa-solutions.net\/fr\/wp-json\/wp\/v2\/pages\/23754\/revisions"}],"wp:attachment":[{"href":"https:\/\/www.bpa-solutions.net\/fr\/wp-json\/wp\/v2\/media?parent=23754"}],"curies":[{"name":"wp","href":"https:\/\/api.w.org\/{rel}","templated":true}]}}